{"id":506,"date":"2025-03-25T22:10:21","date_gmt":"2025-03-25T22:10:21","guid":{"rendered":"https:\/\/officieliptvabonnement.fr\/?page_id=506"},"modified":"2025-06-06T11:16:51","modified_gmt":"2025-06-06T11:16:51","slug":"ruckerstattungsrichtlinie","status":"publish","type":"page","link":"https:\/\/deutschlandiptvpro.de\/iptv-kaufen\/ruckerstattungsrichtlinie\/","title":{"rendered":"R\u00fcckerstattungsrichtlinie"},"content":{"rendered":"\t\t<div data-elementor-type=\"wp-page\" data-elementor-id=\"506\" class=\"elementor elementor-506\">\n\t\t\t\t<div class=\"has_eae_slider elementor-element elementor-element-cd9eae8 e-flex e-con-boxed e-con e-parent\" data-eae-slider=\"10656\" data-id=\"cd9eae8\" data-element_type=\"container\" data-e-type=\"container\">\n\t\t\t\t\t<div class=\"e-con-inner\">\n\t\t\t\t<div class=\"elementor-element elementor-element-4b9332e elementor-widget__width-initial elementor-widget elementor-widget-heading\" data-id=\"4b9332e\" data-element_type=\"widget\" data-e-type=\"widget\" data-widget_type=\"heading.default\">\n\t\t\t\t<div class=\"elementor-widget-container\">\n\t\t\t\t\t<h1 class=\"elementor-heading-title elementor-size-default\">R\u00fcckerstattungsrichtlinie<\/h1>\t\t\t\t<\/div>\n\t\t\t\t<\/div>\n\t\t\t\t\t<\/div>\n\t\t\t\t<\/div>\n\t\t<div class=\"has_eae_slider elementor-element elementor-element-3e1c6140 e-flex e-con-boxed e-con e-parent\" data-eae-slider=\"12698\" data-id=\"3e1c6140\" data-element_type=\"container\" data-e-type=\"container\">\n\t\t\t\t\t<div class=\"e-con-inner\">\n\t\t\t\t<div class=\"elementor-element elementor-element-5ac28216 elementor-widget elementor-widget-text-editor\" data-id=\"5ac28216\" data-element_type=\"widget\" data-e-type=\"widget\" data-widget_type=\"text-editor.default\">\n\t\t\t\t<div class=\"elementor-widget-container\">\n\t\t\t\t\t\t\t\t\t<p data-start=\"55\" data-end=\"388\"><strong data-start=\"55\" data-end=\"89\">Bei <a href=\"https:\/\/deutschlandiptvpro.de\/#pricing\">Offizielles IPTV-Abonnement Deutschland<\/a><\/strong>&nbsp;sind wir bestrebt, unseren Kunden einen IPTV-Dienst von h\u00f6chster Qualit\u00e4t zu einem wettbewerbsf\u00e4higen Preis zu bieten. Sollte unser Service aus irgendeinem Grund nicht Ihren Erwartungen entsprechen oder nicht unseren Qualit\u00e4tsstandards gen\u00fcgen, bieten wir eine <strong data-start=\"351\" data-end=\"384\">5-t\u00e4gige Geld-zur\u00fcck-Garantie<\/strong> an.<\/p>\n<p data-start=\"390\" data-end=\"670\">Das bedeutet, dass Sie die M\u00f6glichkeit haben, eine vollst\u00e4ndige R\u00fcckerstattung f\u00fcr jeden Kauf zu beantragen, der <strong data-start=\"503\" data-end=\"528\">innerhalb von 5 Tagen<\/strong> nach Beginn Ihres Abonnements erfolgt ist. Die R\u00fcckerstattung erfolgt schnell und unkompliziert \u2013 so erhalten Sie Ihr Geld problemlos zur\u00fcck.<\/p>\n<h3 data-start=\"672\" data-end=\"721\">Wie funktioniert unsere Geld-zur\u00fcck-Garantie? \/<a href=\"https:\/\/termly.io\/de\/ressourcen\/vorlagen\/ruckgabebedingungen-vorlage\/\" target=\"_blank\" rel=\"noopener\">R\u00fcckerstattungsrichtlinie<\/a>:<\/h3>\n<p data-start=\"723\" data-end=\"1139\">Sollten Sie nach Ablauf der 5 Tage ein Problem mit Ihrem IPTV-Abonnement haben und wir dieses nicht beheben k\u00f6nnen, erstatten wir <strong data-start=\"853\" data-end=\"883\">nur den ungenutzten Anteil<\/strong> Ihrer Zahlung.<br data-start=\"898\" data-end=\"901\">Beispiel: Wenn Sie ein 12-Monats-Abo f\u00fcr 39,99 \u20ac abgeschlossen haben, den Service jedoch nur 3 Monate genutzt haben, bevor ein Problem auftritt, berechnen wir Ihnen nur diese 3 Monate (19,99 \u20ac) und <strong data-start=\"1099\" data-end=\"1138\">erstatten Ihnen die restlichen 20 \u20ac<\/strong>.<\/p>\n<p data-start=\"1141\" data-end=\"1423\">Wir tun alles, um Ihre Erfahrung so reibungslos und unkompliziert wie m\u00f6glich zu gestalten. Falls Sie Schwierigkeiten haben, steht Ihnen unser Support-Team jederzeit zur Verf\u00fcgung \u2013 vom Setup bis zur Installation. <strong data-start=\"1355\" data-end=\"1396\">Z\u00f6gern Sie nicht, uns zu kontaktieren<\/strong>, wenn Sie Hilfe ben\u00f6tigen.\/R\u00fcckerstattungsrichtlinie<\/p>\t\t\t\t\t\t\t\t<\/div>\n\t\t\t\t<\/div>\n\t\t\t\t\t<\/div>\n\t\t\t\t<\/div>\n\t\t\t\t<\/div>\n\t\t","protected":false},"excerpt":{"rendered":"<p>R\u00fcckerstattungsrichtlinie Bei Offizielles IPTV-Abonnement Deutschland&nbsp;sind wir bestrebt, unseren Kunden einen IPTV-Dienst von h\u00f6chster Qualit\u00e4t zu einem wettbewerbsf\u00e4higen Preis zu bieten. Sollte unser Service aus irgendeinem Grund nicht Ihren Erwartungen entsprechen oder nicht unseren Qualit\u00e4tsstandards gen\u00fcgen, bieten wir eine 5-t\u00e4gige Geld-zur\u00fcck-Garantie an. Das bedeutet, dass Sie die M\u00f6glichkeit haben, eine vollst\u00e4ndige R\u00fcckerstattung f\u00fcr jeden Kauf zu [&hellip;]<\/p>\n","protected":false},"author":3,"featured_media":0,"parent":0,"menu_order":0,"comment_status":"closed","ping_status":"closed","template":"","meta":{"_monsterinsights_skip_tracking":false,"_monsterinsights_sitenote_active":false,"_monsterinsights_sitenote_note":"","_monsterinsights_sitenote_category":0,"site-sidebar-layout":"default","site-content-layout":"","ast-site-content-layout":"","site-content-style":"default","site-sidebar-style":"default","ast-global-header-display":"","ast-banner-title-visibility":"","ast-main-header-display":"","ast-hfb-above-header-display":"","ast-hfb-below-header-display":"","ast-hfb-mobile-header-display":"","site-post-title":"disabled","ast-breadcrumbs-content":"","ast-featured-img":"","footer-sml-layout":"","ast-disable-related-posts":"","theme-transparent-header-meta":"","adv-header-id-meta":"","stick-header-meta":"","header-above-stick-meta":"","header-main-stick-meta":"","header-below-stick-meta":"","astra-migrate-meta-layouts":"default","ast-page-background-enabled":"default","ast-page-background-meta":{"desktop":{"background-color":"var(--ast-global-color-4)","background-image":"","background-repeat":"repeat","background-position":"center center","background-size":"auto","background-attachment":"scroll","background-type":"","background-media":"","overlay-type":"","overlay-color":"","overlay-opacity":"","overlay-gradient":""},"tablet":{"background-color":"","background-image":"","background-repeat":"repeat","background-position":"center center","background-size":"auto","background-attachment":"scroll","background-type":"","background-media":"","overlay-type":"","overlay-color":"","overlay-opacity":"","overlay-gradient":""},"mobile":{"background-color":"","background-image":"","background-repeat":"repeat","background-position":"center center","background-size":"auto","background-attachment":"scroll","background-type":"","background-media":"","overlay-type":"","overlay-color":"","overlay-opacity":"","overlay-gradient":""}},"ast-content-background-meta":{"desktop":{"background-color":"var(--ast-global-color-5)","background-image":"","background-repeat":"repeat","background-position":"center center","background-size":"auto","background-attachment":"scroll","background-type":"","background-media":"","overlay-type":"","overlay-color":"","overlay-opacity":"","overlay-gradient":""},"tablet":{"background-color":"var(--ast-global-color-5)","background-image":"","background-repeat":"repeat","background-position":"center center","background-size":"auto","background-attachment":"scroll","background-type":"","background-media":"","overlay-type":"","overlay-color":"","overlay-opacity":"","overlay-gradient":""},"mobile":{"background-color":"var(--ast-global-color-5)","background-image":"","background-repeat":"repeat","background-position":"center center","background-size":"auto","background-attachment":"scroll","background-type":"","background-media":"","overlay-type":"","overlay-color":"","overlay-opacity":"","overlay-gradient":""}},"footnotes":""},"class_list":["post-506","page","type-page","status-publish","hentry"],"_links":{"self":[{"href":"https:\/\/deutschlandiptvpro.de\/iptv-kaufen\/wp-json\/wp\/v2\/pages\/506","targetHints":{"allow":["GET"]}}],"collection":[{"href":"https:\/\/deutschlandiptvpro.de\/iptv-kaufen\/wp-json\/wp\/v2\/pages"}],"about":[{"href":"https:\/\/deutschlandiptvpro.de\/iptv-kaufen\/wp-json\/wp\/v2\/types\/page"}],"author":[{"embeddable":true,"href":"https:\/\/deutschlandiptvpro.de\/iptv-kaufen\/wp-json\/wp\/v2\/users\/3"}],"replies":[{"embeddable":true,"href":"https:\/\/deutschlandiptvpro.de\/iptv-kaufen\/wp-json\/wp\/v2\/comments?post=506"}],"version-history":[{"count":21,"href":"https:\/\/deutschlandiptvpro.de\/iptv-kaufen\/wp-json\/wp\/v2\/pages\/506\/revisions"}],"predecessor-version":[{"id":1800,"href":"https:\/\/deutschlandiptvpro.de\/iptv-kaufen\/wp-json\/wp\/v2\/pages\/506\/revisions\/1800"}],"wp:attachment":[{"href":"https:\/\/deutschlandiptvpro.de\/iptv-kaufen\/wp-json\/wp\/v2\/media?parent=506"}],"curies":[{"name":"wp","href":"https:\/\/api.w.org\/{rel}","templated":true}]}}