{"id":510,"date":"2025-03-25T22:12:30","date_gmt":"2025-03-25T22:12:30","guid":{"rendered":"https:\/\/officieliptvabonnement.fr\/?page_id=510"},"modified":"2025-06-06T12:18:07","modified_gmt":"2025-06-06T12:18:07","slug":"datenschutzrichtlinie","status":"publish","type":"page","link":"https:\/\/deutschlandiptvpro.de\/iptv-kaufen\/datenschutzrichtlinie\/","title":{"rendered":"Datenschutzerkl\u00e4rung"},"content":{"rendered":"\t\t<div data-elementor-type=\"wp-page\" data-elementor-id=\"510\" class=\"elementor elementor-510\">\n\t\t\t\t<div class=\"has_eae_slider elementor-element elementor-element-fb85fee e-flex e-con-boxed e-con e-parent\" data-eae-slider=\"53767\" data-id=\"fb85fee\" data-element_type=\"container\" data-e-type=\"container\">\n\t\t\t\t\t<div class=\"e-con-inner\">\n\t\t\t\t<div class=\"elementor-element elementor-element-29706d4 elementor-widget__width-initial elementor-widget elementor-widget-heading\" data-id=\"29706d4\" data-element_type=\"widget\" data-e-type=\"widget\" data-widget_type=\"heading.default\">\n\t\t\t\t<div class=\"elementor-widget-container\">\n\t\t\t\t\t<h1 class=\"elementor-heading-title elementor-size-default\">Datenschutzrichtlinie<\/h1>\t\t\t\t<\/div>\n\t\t\t\t<\/div>\n\t\t\t\t\t<\/div>\n\t\t\t\t<\/div>\n\t\t<div class=\"has_eae_slider elementor-element elementor-element-3ea5cde6 e-flex e-con-boxed e-con e-parent\" data-eae-slider=\"14396\" data-id=\"3ea5cde6\" data-element_type=\"container\" data-e-type=\"container\">\n\t\t\t\t\t<div class=\"e-con-inner\">\n\t\t\t\t<div class=\"elementor-element elementor-element-2e73b987 elementor-widget elementor-widget-text-editor\" data-id=\"2e73b987\" data-element_type=\"widget\" data-e-type=\"widget\" data-widget_type=\"text-editor.default\">\n\t\t\t\t<div class=\"elementor-widget-container\">\n\t\t\t\t\t\t\t\t\t<p data-start=\"162\" data-end=\"599\">Bei \u00a0<a href=\"https:\/\/deutschlandiptvpro.de\/\"><strong data-start=\"951\" data-end=\"982\">Offizielles IPTV-Abonnement<\/strong><\/a>\u00a0legen wir h\u00f6chsten Wert auf den Schutz Ihrer Privatsph\u00e4re und pers\u00f6nlichen Daten. Im Bewusstsein der Herausforderungen im Zusammenhang mit der Nutzung des Internets und digitaler Dienste unternehmen wir alle notwendigen Schritte, um die Vertraulichkeit Ihrer Informationen zu gew\u00e4hrleisten. Unser Engagement gilt f\u00fcr s\u00e4mtliche digitalen Aktivit\u00e4ten und garantiert ein sicheres und transparentes Erlebnis.<\/p><h5><a href=\"https:\/\/www.datenschutz.org\/datenschutzerklaerung-website\/\" target=\"_blank\" rel=\"noopener\"><strong data-start=\"601\" data-end=\"635\">Schutz personenbezogener Daten :<\/strong><\/a><\/h5><p data-start=\"637\" data-end=\"1075\"><em data-start=\"637\" data-end=\"665\"><a href=\"https:\/\/deutschlandiptvpro.de\/\"><strong data-start=\"951\" data-end=\"982\">Offizielles IPTV-Abonnement<\/strong><\/a><\/em>\u00a0gibt keinerlei personenbezogene Daten (z.\u202fB. Name, Adresse, E-Mail-Adresse oder Telefonnummer) an Dritte f\u00fcr kommerzielle Zwecke weiter, verkauft oder offenbart diese nicht. Ihre Daten werden ausschlie\u00dflich verwendet, um die Qualit\u00e4t und Weiterentwicklung unserer Dienste sicherzustellen. Im Falle einer Fusion oder Umstrukturierung werden diese Informationen als strategisches Unternehmensverm\u00f6gen behandelt.<\/p><h5><strong data-start=\"1077\" data-end=\"1111\">Verwendung Ihrer Informationen :<\/strong><\/h5><p data-start=\"1113\" data-end=\"1531\">Wir nutzen Ihre Daten in erster Linie, um die von Ihnen abonnierten Dienste bereitzustellen und Sie \u00fcber neue Angebote zu informieren, die f\u00fcr Sie von Interesse sein k\u00f6nnten. Ihre E-Mail-Adresse kann verwendet werden, um Sie \u00fcber laufende Abonnements, Aktualisierungen oder Rechnungen zu benachrichtigen. Wenn Sie keine Werbeinformationen mehr erhalten m\u00f6chten, bieten wir Optionen zur Verwaltung Ihrer Pr\u00e4ferenzen an.<\/p><p data-start=\"1533\" data-end=\"1747\">In Ausnahmef\u00e4llen k\u00f6nnen wir gesetzlich verpflichtet sein, bestimmte Informationen offenzulegen oder wenn dies erforderlich ist, um unsere Rechte, die unserer Nutzer oder die Sicherheit unserer Dienste zu sch\u00fctzen.<\/p><h5><strong data-start=\"1749\" data-end=\"1779\">Erhebung von Informationen :<\/strong><\/h5><p data-start=\"1781\" data-end=\"2126\">Wir erfassen Ihre personenbezogenen Daten, wenn Sie sich f\u00fcr einen Dienst anmelden, an einem Sonderangebot teilnehmen oder ein Formular auf unserer Website ausf\u00fcllen. Die Hauptdaten, die wir erfassen, umfassen Ihren Namen, Ihre E-Mail-Adresse und Ihre Telefonnummer. Je nach abonniertem Dienst k\u00f6nnen zus\u00e4tzliche Informationen erforderlich sein.<\/p><p data-start=\"2128\" data-end=\"2348\">Regelm\u00e4\u00dfig bieten wir auch Gewinnspiele oder Sonderaktionen an. Die Teilnahme ist v\u00f6llig freiwillig. Wenn Sie teilnehmen, verwenden wir Ihre Daten ausschlie\u00dflich zur Durchf\u00fchrung der Aktion und zur Zustellung der Preise.<\/p><h5 data-start=\"2350\" data-end=\"2380\"><strong data-start=\"2350\" data-end=\"2380\">Datensicherheit und Schutz :\/Datenschutzrichtlinie\u00b2<\/strong><\/h5><p data-start=\"2382\" data-end=\"2701\">Wir setzen moderne Sicherheitsma\u00dfnahmen wie Datenverschl\u00fcsselung und Firewalls ein, um einen unbefugten Zugriff auf Ihre Informationen zu verhindern. Bestimmte Funktionen auf unserer Website erfordern zus\u00e4tzliche Authentifizierung (z.\u202fB. Passwort oder andere Validierungsmethoden), um Ihre Sicherheit weiter zu erh\u00f6hen.<\/p><p data-start=\"2703\" data-end=\"2933\">Bei <a href=\"https:\/\/deutschlandiptvpro.de\/\"><strong data-start=\"951\" data-end=\"982\">Offizielles IPTV-Abonnement<\/strong><\/a>\u00a0hat Ihr Vertrauen oberste Priorit\u00e4t. Wir setzen alles daran, Ihnen ein reibungsloses und sicheres Nutzungserlebnis zu bieten und gleichzeitig die Vertraulichkeit Ihrer pers\u00f6nlichen Daten zu wahren.<\/p>\t\t\t\t\t\t\t\t<\/div>\n\t\t\t\t<\/div>\n\t\t\t\t\t<\/div>\n\t\t\t\t<\/div>\n\t\t\t\t<\/div>\n\t\t","protected":false},"excerpt":{"rendered":"<p>Datenschutzrichtlinie Bei \u00a0Offizielles IPTV-Abonnement\u00a0legen wir h\u00f6chsten Wert auf den Schutz Ihrer Privatsph\u00e4re und pers\u00f6nlichen Daten. Im Bewusstsein der Herausforderungen im Zusammenhang mit der Nutzung des Internets und digitaler Dienste unternehmen wir alle notwendigen Schritte, um die Vertraulichkeit Ihrer Informationen zu gew\u00e4hrleisten. Unser Engagement gilt f\u00fcr s\u00e4mtliche digitalen Aktivit\u00e4ten und garantiert ein sicheres und transparentes Erlebnis. [&hellip;]<\/p>\n","protected":false},"author":3,"featured_media":0,"parent":0,"menu_order":0,"comment_status":"closed","ping_status":"closed","template":"","meta":{"_monsterinsights_skip_tracking":false,"_monsterinsights_sitenote_active":false,"_monsterinsights_sitenote_note":"","_monsterinsights_sitenote_category":0,"site-sidebar-layout":"default","site-content-layout":"","ast-site-content-layout":"","site-content-style":"default","site-sidebar-style":"default","ast-global-header-display":"","ast-banner-title-visibility":"","ast-main-header-display":"","ast-hfb-above-header-display":"","ast-hfb-below-header-display":"","ast-hfb-mobile-header-display":"","site-post-title":"disabled","ast-breadcrumbs-content":"","ast-featured-img":"","footer-sml-layout":"","ast-disable-related-posts":"","theme-transparent-header-meta":"","adv-header-id-meta":"","stick-header-meta":"","header-above-stick-meta":"","header-main-stick-meta":"","header-below-stick-meta":"","astra-migrate-meta-layouts":"default","ast-page-background-enabled":"default","ast-page-background-meta":{"desktop":{"background-color":"var(--ast-global-color-4)","background-image":"","background-repeat":"repeat","background-position":"center center","background-size":"auto","background-attachment":"scroll","background-type":"","background-media":"","overlay-type":"","overlay-color":"","overlay-opacity":"","overlay-gradient":""},"tablet":{"background-color":"","background-image":"","background-repeat":"repeat","background-position":"center center","background-size":"auto","background-attachment":"scroll","background-type":"","background-media":"","overlay-type":"","overlay-color":"","overlay-opacity":"","overlay-gradient":""},"mobile":{"background-color":"","background-image":"","background-repeat":"repeat","background-position":"center center","background-size":"auto","background-attachment":"scroll","background-type":"","background-media":"","overlay-type":"","overlay-color":"","overlay-opacity":"","overlay-gradient":""}},"ast-content-background-meta":{"desktop":{"background-color":"var(--ast-global-color-5)","background-image":"","background-repeat":"repeat","background-position":"center center","background-size":"auto","background-attachment":"scroll","background-type":"","background-media":"","overlay-type":"","overlay-color":"","overlay-opacity":"","overlay-gradient":""},"tablet":{"background-color":"var(--ast-global-color-5)","background-image":"","background-repeat":"repeat","background-position":"center center","background-size":"auto","background-attachment":"scroll","background-type":"","background-media":"","overlay-type":"","overlay-color":"","overlay-opacity":"","overlay-gradient":""},"mobile":{"background-color":"var(--ast-global-color-5)","background-image":"","background-repeat":"repeat","background-position":"center center","background-size":"auto","background-attachment":"scroll","background-type":"","background-media":"","overlay-type":"","overlay-color":"","overlay-opacity":"","overlay-gradient":""}},"footnotes":""},"class_list":["post-510","page","type-page","status-publish","hentry"],"_links":{"self":[{"href":"https:\/\/deutschlandiptvpro.de\/iptv-kaufen\/wp-json\/wp\/v2\/pages\/510","targetHints":{"allow":["GET"]}}],"collection":[{"href":"https:\/\/deutschlandiptvpro.de\/iptv-kaufen\/wp-json\/wp\/v2\/pages"}],"about":[{"href":"https:\/\/deutschlandiptvpro.de\/iptv-kaufen\/wp-json\/wp\/v2\/types\/page"}],"author":[{"embeddable":true,"href":"https:\/\/deutschlandiptvpro.de\/iptv-kaufen\/wp-json\/wp\/v2\/users\/3"}],"replies":[{"embeddable":true,"href":"https:\/\/deutschlandiptvpro.de\/iptv-kaufen\/wp-json\/wp\/v2\/comments?post=510"}],"version-history":[{"count":25,"href":"https:\/\/deutschlandiptvpro.de\/iptv-kaufen\/wp-json\/wp\/v2\/pages\/510\/revisions"}],"predecessor-version":[{"id":1814,"href":"https:\/\/deutschlandiptvpro.de\/iptv-kaufen\/wp-json\/wp\/v2\/pages\/510\/revisions\/1814"}],"wp:attachment":[{"href":"https:\/\/deutschlandiptvpro.de\/iptv-kaufen\/wp-json\/wp\/v2\/media?parent=510"}],"curies":[{"name":"wp","href":"https:\/\/api.w.org\/{rel}","templated":true}]}}